{"id":4165,"date":"2025-08-31T16:52:59","date_gmt":"2025-08-31T14:52:59","guid":{"rendered":"https:\/\/vicesthetic.com\/?page_id=4165"},"modified":"2025-08-31T16:59:00","modified_gmt":"2025-08-31T14:59:00","slug":"mentions-legales","status":"publish","type":"page","link":"https:\/\/vicesthetic.com\/index.php\/mentions-legales\/","title":{"rendered":"Mentions L\u00e9gales"},"content":{"rendered":"\t\t<div data-elementor-type=\"wp-post\" data-elementor-id=\"4165\" class=\"elementor elementor-4165\">\n\t\t\t\t\t\t<section class=\"elementor-section elementor-top-section elementor-element elementor-element-57eef34 elementor-section-boxed elementor-section-height-default elementor-section-height-default\" data-id=\"57eef34\" data-element_type=\"section\" data-e-type=\"section\">\n\t\t\t\t\t\t<div class=\"elementor-container elementor-column-gap-default\">\n\t\t\t\t\t<div class=\"elementor-column elementor-col-100 elementor-top-column elementor-element elementor-element-5f5cd5c\" data-id=\"5f5cd5c\" data-element_type=\"column\" data-e-type=\"column\">\n\t\t\t<div class=\"elementor-widget-wrap elementor-element-populated\">\n\t\t\t\t\t\t<div class=\"elementor-element elementor-element-5d29719 elementor-widget elementor-widget-heading\" data-id=\"5d29719\" data-element_type=\"widget\" data-e-type=\"widget\" data-widget_type=\"heading.default\">\n\t\t\t\t<div class=\"elementor-widget-container\">\n\t\t\t\t\t<h2 class=\"elementor-heading-title elementor-size-default\">Mentions l\u00e9gales<\/h2>\t\t\t\t<\/div>\n\t\t\t\t<\/div>\n\t\t\t\t<div class=\"elementor-element elementor-element-ac51c0c elementor-widget elementor-widget-text-editor\" data-id=\"ac51c0c\" data-element_type=\"widget\" data-e-type=\"widget\" data-widget_type=\"text-editor.default\">\n\t\t\t\t<div class=\"elementor-widget-container\">\n\t\t\t\t\t\t\t\t\t<p>Conform\u00e9ment aux dispositions de la loi n\u00b0 2004-575 du 21 juin 2004 pour la confiance dans l&rsquo;\u00e9conomie num\u00e9rique, il est pr\u00e9cis\u00e9 aux utilisateurs du site Vic Esthetic l&rsquo;identit\u00e9 des diff\u00e9rents intervenants dans le cadre de sa r\u00e9alisation et de son suivi.<\/p>\n<hr>\n<h3>1. \u00c9diteur du site<\/h3>\n<ul>\n<li>\n<p><b>Nom de l&rsquo;entreprise :<\/b> Vic Esthetic<\/p>\n<\/li>\n<li>\n<p><b>Forme juridique :<\/b>&nbsp;SASU<\/p>\n<\/li>\n<li>\n<p><b>Nom et Pr\u00e9nom du repr\u00e9sentant :<\/b>&nbsp;HORIDOR-BRICHAUX Victoria<\/p>\n<\/li>\n<li>\n<p><b>Adresse du si\u00e8ge social :<\/b> 13 Lotissement Les Garrigues, 34160 Sussargues<\/p>\n<\/li>\n<li>\n<p><b>Num\u00e9ro de t\u00e9l\u00e9phone :<\/b> 06.62.37.70.06<\/p>\n<\/li>\n<li>\n<p><b>Adresse e-mail :<\/b> contact@vicesthetic.com<\/p>\n<\/li>\n<li>\n<p><b>Num\u00e9ro d&rsquo;immatriculation (RCS ou RM) :<\/b> SIRET :&nbsp;95397176900013<\/p>\n<\/li>\n<li>\n<p><b>Num\u00e9ro de TVA intracommunautaire :<\/b> FR62953971769<\/p>\n<\/li>\n<\/ul>\n<hr>\n<h3>2. H\u00e9bergeur<\/h3><ul><li>\n<p><b>Nom de l&rsquo;h\u00e9bergeur :<\/b> OVH<\/p>\n<\/li>\n<li>\n<p><b>D\u00e9nomination sociale :<\/b> OVH SAS<\/p>\n<\/li>\n<li>\n<p><b>Adresse du si\u00e8ge social :<\/b> 2 rue Kellermann &#8211; 59100 Roubaix &#8211; France<\/p>\n<\/li>\n<li>\n<p><b>Num\u00e9ro de t\u00e9l\u00e9phone :<\/b> 1007<\/p>\n<\/li>\n<li>\n<p><b>Site web :<\/b> <response-element ng-version=\"0.0.0-PLACEHOLDER\"><!----><!----><!----><!----><!----><!----><!----><!----><!----><!----><!----><!----><!----><!----><!----><!----><!----><!----><link-block _nghost-ng-c510765152=\"\"><!----><!----><a _ngcontent-ng-c510765152=\"\" target=\"_blank\" rel=\"noopener\" externallink=\"\" _nghost-ng-c1106570194=\"\" jslog=\"197247;track:generic_click,impression,attention;BardVeMetadataKey:[[&quot;r_59e0ad683ecc6b53&quot;,&quot;c_95dc75aa40aece85&quot;,null,&quot;rc_f33f01ad86f8e8e0&quot;,null,null,&quot;fr&quot;,null,1,null,null,1,0]]\" href=\"https:\/\/www.ovhcloud.com\" data-hveid=\"0\" decode-data-ved=\"1\" data-ved=\"0CAAQ_4QMahgKEwjzhZ-LpLWPAxUAAAAAHQAAAAAQgwE\">www.ovhcloud.com<\/a><\/link-block><\/response-element><\/p>\n<\/li>\n\n<\/ul>\n<hr>\n<h3>3. Propri\u00e9t\u00e9 Intellectuelle<\/h3>\n<p>Le contenu du site (textes, images, graphismes, vid\u00e9os, sons, logos, etc.) est la propri\u00e9t\u00e9 exclusive de Vic Esthetic, sauf mention contraire. Toute reproduction, repr\u00e9sentation, modification, publication, adaptation de tout ou partie des \u00e9l\u00e9ments du site, quel que soit le moyen ou le proc\u00e9d\u00e9 utilis\u00e9, est interdite, sauf autorisation \u00e9crite pr\u00e9alable de Vic Esthetic.<\/p>\n<hr>\n<h3>4. Responsabilit\u00e9<\/h3>\n<p>Vic Esthetic s&rsquo;efforce d&rsquo;assurer au mieux de ses possibilit\u00e9s, l&rsquo;exactitude et la mise \u00e0 jour des informations diffus\u00e9es sur ce site, dont elle se r\u00e9serve le droit de corriger, \u00e0 tout moment et sans pr\u00e9avis, le contenu.<\/p>\n<p>Toutefois, Vic Esthetic ne peut garantir l&rsquo;exactitude, la pr\u00e9cision ou l&rsquo;exhaustivit\u00e9 des informations mises \u00e0 la disposition sur ce site.<\/p>\n<hr>\n<h3>5. Droit applicable et attribution de juridiction<\/h3>\n<p>Tout litige en relation avec l&rsquo;utilisation du site Vic Esthetic est soumis au droit fran\u00e7ais. En dehors des cas o\u00f9 la loi ne le permet pas, il est fait attribution exclusive de juridiction aux tribunaux comp\u00e9tents de Montpellier.<\/p>\t\t\t\t\t\t\t\t<\/div>\n\t\t\t\t<\/div>\n\t\t\t\t\t<\/div>\n\t\t<\/div>\n\t\t\t\t\t<\/div>\n\t\t<\/section>\n\t\t\t\t<\/div>\n\t\t","protected":false},"excerpt":{"rendered":"<p>Mentions l\u00e9gales Conform\u00e9ment aux dispositions de la loi n\u00b0 2004-575 du 21 juin 2004 pour la confiance dans l&rsquo;\u00e9conomie num\u00e9rique, il est pr\u00e9cis\u00e9 aux utilisateurs du site Vic Esthetic l&rsquo;identit\u00e9 des diff\u00e9rents intervenants dans le cadre de sa r\u00e9alisation et de son suivi. 1. \u00c9diteur du site Nom de l&rsquo;entreprise : Vic Esthetic Forme juridique [&hellip;]<\/p>\n","protected":false},"author":1,"featured_media":0,"parent":0,"menu_order":0,"comment_status":"closed","ping_status":"closed","template":"","meta":{"site-sidebar-layout":"no-sidebar","site-content-layout":"page-builder","ast-site-content-layout":"full-width-container","site-content-style":"default","site-sidebar-style":"default","ast-global-header-display":"","ast-banner-title-visibility":"","ast-main-header-display":"","ast-hfb-above-header-display":"","ast-hfb-below-header-display":"","ast-hfb-mobile-header-display":"","site-post-title":"disabled","ast-breadcrumbs-content":"","ast-featured-img":"disabled","footer-sml-layout":"","theme-transparent-header-meta":"","adv-header-id-meta":"","stick-header-meta":"","header-above-stick-meta":"","header-main-stick-meta":"","header-below-stick-meta":"","astra-migrate-meta-layouts":"default","ast-page-background-enabled":"default","ast-page-background-meta":{"desktop":{"background-color":"var(--ast-global-color-4)","background-image":"","background-repeat":"repeat","background-position":"center center","background-size":"auto","background-attachment":"scroll","background-type":"","background-media":"","overlay-type":"","overlay-color":"","overlay-opacity":"","overlay-gradient":""},"tablet":{"background-color":"","background-image":"","background-repeat":"repeat","background-position":"center center","background-size":"auto","background-attachment":"scroll","background-type":"","background-media":"","overlay-type":"","overlay-color":"","overlay-opacity":"","overlay-gradient":""},"mobile":{"background-color":"","background-image":"","background-repeat":"repeat","background-position":"center center","background-size":"auto","background-attachment":"scroll","background-type":"","background-media":"","overlay-type":"","overlay-color":"","overlay-opacity":"","overlay-gradient":""}},"ast-content-background-meta":{"desktop":{"background-color":"var(--ast-global-color-5)","background-image":"","background-repeat":"repeat","background-position":"center center","background-size":"auto","background-attachment":"scroll","background-type":"","background-media":"","overlay-type":"","overlay-color":"","overlay-opacity":"","overlay-gradient":""},"tablet":{"background-color":"var(--ast-global-color-5)","background-image":"","background-repeat":"repeat","background-position":"center center","background-size":"auto","background-attachment":"scroll","background-type":"","background-media":"","overlay-type":"","overlay-color":"","overlay-opacity":"","overlay-gradient":""},"mobile":{"background-color":"var(--ast-global-color-5)","background-image":"","background-repeat":"repeat","background-position":"center center","background-size":"auto","background-attachment":"scroll","background-type":"","background-media":"","overlay-type":"","overlay-color":"","overlay-opacity":"","overlay-gradient":""}},"footnotes":""},"class_list":["post-4165","page","type-page","status-publish","hentry"],"yoast_head":"<!-- This site is optimized with the Yoast SEO plugin v27.4 - https:\/\/yoast.com\/product\/yoast-seo-wordpress\/ -->\n<title>Mentions L\u00e9gales - Vic Esthetic<\/title>\n<meta name=\"robots\" content=\"index, follow, max-snippet:-1, max-image-preview:large, max-video-preview:-1\" \/>\n<link rel=\"canonical\" href=\"https:\/\/vicesthetic.com\/index.php\/mentions-legales\/\" \/>\n<meta property=\"og:locale\" content=\"fr_FR\" \/>\n<meta property=\"og:type\" content=\"article\" \/>\n<meta property=\"og:title\" content=\"Mentions L\u00e9gales - Vic Esthetic\" \/>\n<meta property=\"og:description\" content=\"Mentions l\u00e9gales Conform\u00e9ment aux dispositions de la loi n\u00b0 2004-575 du 21 juin 2004 pour la confiance dans l&rsquo;\u00e9conomie num\u00e9rique, il est pr\u00e9cis\u00e9 aux utilisateurs du site Vic Esthetic l&rsquo;identit\u00e9 des diff\u00e9rents intervenants dans le cadre de sa r\u00e9alisation et de son suivi. 1. \u00c9diteur du site Nom de l&rsquo;entreprise : Vic Esthetic Forme juridique [&hellip;]\" \/>\n<meta property=\"og:url\" content=\"https:\/\/vicesthetic.com\/index.php\/mentions-legales\/\" \/>\n<meta property=\"og:site_name\" content=\"Vic Esthetic\" \/>\n<meta property=\"article:modified_time\" content=\"2025-08-31T14:59:00+00:00\" \/>\n<meta name=\"twitter:card\" content=\"summary_large_image\" \/>\n<meta name=\"twitter:label1\" content=\"Dur\u00e9e de lecture estim\u00e9e\" \/>\n\t<meta name=\"twitter:data1\" content=\"2 minutes\" \/>\n<script type=\"application\/ld+json\" class=\"yoast-schema-graph\">{\"@context\":\"https:\\\/\\\/schema.org\",\"@graph\":[{\"@type\":\"WebPage\",\"@id\":\"https:\\\/\\\/vicesthetic.com\\\/index.php\\\/mentions-legales\\\/\",\"url\":\"https:\\\/\\\/vicesthetic.com\\\/index.php\\\/mentions-legales\\\/\",\"name\":\"Mentions L\u00e9gales - Vic Esthetic\",\"isPartOf\":{\"@id\":\"https:\\\/\\\/vicesthetic.com\\\/#website\"},\"datePublished\":\"2025-08-31T14:52:59+00:00\",\"dateModified\":\"2025-08-31T14:59:00+00:00\",\"breadcrumb\":{\"@id\":\"https:\\\/\\\/vicesthetic.com\\\/index.php\\\/mentions-legales\\\/#breadcrumb\"},\"inLanguage\":\"fr-FR\",\"potentialAction\":[{\"@type\":\"ReadAction\",\"target\":[\"https:\\\/\\\/vicesthetic.com\\\/index.php\\\/mentions-legales\\\/\"]}]},{\"@type\":\"BreadcrumbList\",\"@id\":\"https:\\\/\\\/vicesthetic.com\\\/index.php\\\/mentions-legales\\\/#breadcrumb\",\"itemListElement\":[{\"@type\":\"ListItem\",\"position\":1,\"name\":\"Accueil\",\"item\":\"https:\\\/\\\/vicesthetic.com\\\/\"},{\"@type\":\"ListItem\",\"position\":2,\"name\":\"Mentions L\u00e9gales\"}]},{\"@type\":\"WebSite\",\"@id\":\"https:\\\/\\\/vicesthetic.com\\\/#website\",\"url\":\"https:\\\/\\\/vicesthetic.com\\\/\",\"name\":\"Vic Esthetic\",\"description\":\"O\u00f9 la science rencontre la d\u00e9tente\",\"publisher\":{\"@id\":\"https:\\\/\\\/vicesthetic.com\\\/#organization\"},\"potentialAction\":[{\"@type\":\"SearchAction\",\"target\":{\"@type\":\"EntryPoint\",\"urlTemplate\":\"https:\\\/\\\/vicesthetic.com\\\/?s={search_term_string}\"},\"query-input\":{\"@type\":\"PropertyValueSpecification\",\"valueRequired\":true,\"valueName\":\"search_term_string\"}}],\"inLanguage\":\"fr-FR\"},{\"@type\":\"Organization\",\"@id\":\"https:\\\/\\\/vicesthetic.com\\\/#organization\",\"name\":\"Vic Esthetic\",\"url\":\"https:\\\/\\\/vicesthetic.com\\\/\",\"logo\":{\"@type\":\"ImageObject\",\"inLanguage\":\"fr-FR\",\"@id\":\"https:\\\/\\\/vicesthetic.com\\\/#\\\/schema\\\/logo\\\/image\\\/\",\"url\":\"https:\\\/\\\/vicesthetic.com\\\/wp-content\\\/uploads\\\/2023\\\/07\\\/cropped-Logos_VicEsthetic_transparent-02-scaled.png\",\"contentUrl\":\"https:\\\/\\\/vicesthetic.com\\\/wp-content\\\/uploads\\\/2023\\\/07\\\/cropped-Logos_VicEsthetic_transparent-02-scaled.png\",\"width\":2560,\"height\":1394,\"caption\":\"Vic Esthetic\"},\"image\":{\"@id\":\"https:\\\/\\\/vicesthetic.com\\\/#\\\/schema\\\/logo\\\/image\\\/\"}}]}<\/script>\n<!-- \/ Yoast SEO plugin. -->","yoast_head_json":{"title":"Mentions L\u00e9gales - Vic Esthetic","robots":{"index":"index","follow":"follow","max-snippet":"max-snippet:-1","max-image-preview":"max-image-preview:large","max-video-preview":"max-video-preview:-1"},"canonical":"https:\/\/vicesthetic.com\/index.php\/mentions-legales\/","og_locale":"fr_FR","og_type":"article","og_title":"Mentions L\u00e9gales - Vic Esthetic","og_description":"Mentions l\u00e9gales Conform\u00e9ment aux dispositions de la loi n\u00b0 2004-575 du 21 juin 2004 pour la confiance dans l&rsquo;\u00e9conomie num\u00e9rique, il est pr\u00e9cis\u00e9 aux utilisateurs du site Vic Esthetic l&rsquo;identit\u00e9 des diff\u00e9rents intervenants dans le cadre de sa r\u00e9alisation et de son suivi. 1. \u00c9diteur du site Nom de l&rsquo;entreprise : Vic Esthetic Forme juridique [&hellip;]","og_url":"https:\/\/vicesthetic.com\/index.php\/mentions-legales\/","og_site_name":"Vic Esthetic","article_modified_time":"2025-08-31T14:59:00+00:00","twitter_card":"summary_large_image","twitter_misc":{"Dur\u00e9e de lecture estim\u00e9e":"2 minutes"},"schema":{"@context":"https:\/\/schema.org","@graph":[{"@type":"WebPage","@id":"https:\/\/vicesthetic.com\/index.php\/mentions-legales\/","url":"https:\/\/vicesthetic.com\/index.php\/mentions-legales\/","name":"Mentions L\u00e9gales - Vic Esthetic","isPartOf":{"@id":"https:\/\/vicesthetic.com\/#website"},"datePublished":"2025-08-31T14:52:59+00:00","dateModified":"2025-08-31T14:59:00+00:00","breadcrumb":{"@id":"https:\/\/vicesthetic.com\/index.php\/mentions-legales\/#breadcrumb"},"inLanguage":"fr-FR","potentialAction":[{"@type":"ReadAction","target":["https:\/\/vicesthetic.com\/index.php\/mentions-legales\/"]}]},{"@type":"BreadcrumbList","@id":"https:\/\/vicesthetic.com\/index.php\/mentions-legales\/#breadcrumb","itemListElement":[{"@type":"ListItem","position":1,"name":"Accueil","item":"https:\/\/vicesthetic.com\/"},{"@type":"ListItem","position":2,"name":"Mentions L\u00e9gales"}]},{"@type":"WebSite","@id":"https:\/\/vicesthetic.com\/#website","url":"https:\/\/vicesthetic.com\/","name":"Vic Esthetic","description":"O\u00f9 la science rencontre la d\u00e9tente","publisher":{"@id":"https:\/\/vicesthetic.com\/#organization"},"potentialAction":[{"@type":"SearchAction","target":{"@type":"EntryPoint","urlTemplate":"https:\/\/vicesthetic.com\/?s={search_term_string}"},"query-input":{"@type":"PropertyValueSpecification","valueRequired":true,"valueName":"search_term_string"}}],"inLanguage":"fr-FR"},{"@type":"Organization","@id":"https:\/\/vicesthetic.com\/#organization","name":"Vic Esthetic","url":"https:\/\/vicesthetic.com\/","logo":{"@type":"ImageObject","inLanguage":"fr-FR","@id":"https:\/\/vicesthetic.com\/#\/schema\/logo\/image\/","url":"https:\/\/vicesthetic.com\/wp-content\/uploads\/2023\/07\/cropped-Logos_VicEsthetic_transparent-02-scaled.png","contentUrl":"https:\/\/vicesthetic.com\/wp-content\/uploads\/2023\/07\/cropped-Logos_VicEsthetic_transparent-02-scaled.png","width":2560,"height":1394,"caption":"Vic Esthetic"},"image":{"@id":"https:\/\/vicesthetic.com\/#\/schema\/logo\/image\/"}}]}},"_links":{"self":[{"href":"https:\/\/vicesthetic.com\/index.php\/wp-json\/wp\/v2\/pages\/4165","targetHints":{"allow":["GET"]}}],"collection":[{"href":"https:\/\/vicesthetic.com\/index.php\/wp-json\/wp\/v2\/pages"}],"about":[{"href":"https:\/\/vicesthetic.com\/index.php\/wp-json\/wp\/v2\/types\/page"}],"author":[{"embeddable":true,"href":"https:\/\/vicesthetic.com\/index.php\/wp-json\/wp\/v2\/users\/1"}],"replies":[{"embeddable":true,"href":"https:\/\/vicesthetic.com\/index.php\/wp-json\/wp\/v2\/comments?post=4165"}],"version-history":[{"count":10,"href":"https:\/\/vicesthetic.com\/index.php\/wp-json\/wp\/v2\/pages\/4165\/revisions"}],"predecessor-version":[{"id":4177,"href":"https:\/\/vicesthetic.com\/index.php\/wp-json\/wp\/v2\/pages\/4165\/revisions\/4177"}],"wp:attachment":[{"href":"https:\/\/vicesthetic.com\/index.php\/wp-json\/wp\/v2\/media?parent=4165"}],"curies":[{"name":"wp","href":"https:\/\/api.w.org\/{rel}","templated":true}]}}